{"id":15,"date":"2021-11-21T15:14:41","date_gmt":"2021-11-21T21:14:41","guid":{"rendered":"https:\/\/angelitosconcola.com\/index.php\/services\/"},"modified":"2024-09-23T09:32:54","modified_gmt":"2024-09-23T15:32:54","slug":"eutanasia","status":"publish","type":"page","link":"https:\/\/angelitosconcola.com\/index.php\/eutanasia\/","title":{"rendered":"Eutanasia"},"content":{"rendered":"\t\t<div data-elementor-type=\"wp-page\" data-elementor-id=\"15\" class=\"elementor elementor-15\">\n\t\t\t\t\t\t\t\t\t<section class=\"elementor-section elementor-top-section elementor-element elementor-element-6f57d69 elementor-section-height-min-height elementor-section-boxed elementor-section-height-default elementor-section-items-middle\" data-id=\"6f57d69\" data-element_type=\"section\" data-settings=\"{&quot;background_background&quot;:&quot;classic&quot;}\">\n\t\t\t\t\t\t<div class=\"elementor-container elementor-column-gap-default\">\n\t\t\t\t\t<div class=\"elementor-column elementor-col-100 elementor-top-column elementor-element elementor-element-47228c7\" data-id=\"47228c7\" data-element_type=\"column\">\n\t\t\t<div class=\"elementor-widget-wrap elementor-element-populated\">\n\t\t\t\t\t\t\t\t<div class=\"elementor-element elementor-element-745baeb elementor-widget elementor-widget-heading\" data-id=\"745baeb\" data-element_type=\"widget\" data-widget_type=\"heading.default\">\n\t\t\t\t<div class=\"elementor-widget-container\">\n\t\t\t<style>\/*! elementor - v3.12.0 - 29-03-2023 *\/\n.elementor-heading-title{padding:0;margin:0;line-height:1}.elementor-widget-heading .elementor-heading-title[class*=elementor-size-]>a{color:inherit;font-size:inherit;line-height:inherit}.elementor-widget-heading .elementor-heading-title.elementor-size-small{font-size:15px}.elementor-widget-heading .elementor-heading-title.elementor-size-medium{font-size:19px}.elementor-widget-heading .elementor-heading-title.elementor-size-large{font-size:29px}.elementor-widget-heading .elementor-heading-title.elementor-size-xl{font-size:39px}.elementor-widget-heading .elementor-heading-title.elementor-size-xxl{font-size:59px}<\/style><h1 class=\"elementor-heading-title elementor-size-default\">Eutanasia<\/h1>\t\t<\/div>\n\t\t\t\t<\/div>\n\t\t\t\t<div class=\"elementor-element elementor-element-f363286 elementor-widget elementor-widget-text-editor\" data-id=\"f363286\" data-element_type=\"widget\" data-widget_type=\"text-editor.default\">\n\t\t\t\t<div class=\"elementor-widget-container\">\n\t\t\t<style>\/*! elementor - v3.12.0 - 29-03-2023 *\/\n.elementor-widget-text-editor.elementor-drop-cap-view-stacked .elementor-drop-cap{background-color:#69727d;color:#fff}.elementor-widget-text-editor.elementor-drop-cap-view-framed .elementor-drop-cap{color:#69727d;border:3px solid;background-color:transparent}.elementor-widget-text-editor:not(.elementor-drop-cap-view-default) .elementor-drop-cap{margin-top:8px}.elementor-widget-text-editor:not(.elementor-drop-cap-view-default) .elementor-drop-cap-letter{width:1em;height:1em}.elementor-widget-text-editor .elementor-drop-cap{float:left;text-align:center;line-height:1;font-size:50px}.elementor-widget-text-editor .elementor-drop-cap-letter{display:inline-block}<\/style>\t\t\t\t<p>Proceso de una Eutanasia:<\/p><p>\u00a0<\/p><p>1.- Llegamos a su domicilio con nuestro M\u00e9dico Veterinario. Tendr\u00e1 un trato excepcional con su mascota.<\/p><p>\u00a0<\/p><p>2.- Les dar\u00e1 una explicaci\u00f3n breve del procedimiento.<\/p><p>\u00a0<\/p><p>3.- Les dar\u00e1 para firmar una constancia de mutuo acuerdo con el servicio.<\/p><p>\u00a0<\/p><p>4.- Aplicar\u00e1 una dosis de Anestesia, con lo cual su mascota se relajar\u00e1, y dormir\u00e1, como cualquier otro d\u00eda. A partir de ese momento, ya no existe el sufrimiento.<\/p><p>\u00a0<\/p><p>5.- Aplica la dosis del medicamento eutan\u00e1sico, para lograr el efecto deseado.<\/p><p>\u00a0<\/p><p>Es una manera muy humana de dormir a las mascotas, cuando ellas ya sufren por enfermedad, accidente o vejez.<\/p><p>\u00a0<\/p><p>Tratamos a todas las mascotas con Respeto y Empat\u00eda, as\u00ed lo merecen ellas.<\/p>\t\t\t\t\t\t<\/div>\n\t\t\t\t<\/div>\n\t\t\t\t\t<\/div>\n\t\t<\/div>\n\t\t\t\t\t\t\t<\/div>\n\t\t<\/section>\n\t\t\t\t<section class=\"elementor-section elementor-top-section elementor-element elementor-element-313a1ba elementor-reverse-mobile elementor-section-boxed elementor-section-height-default elementor-section-height-default\" data-id=\"313a1ba\" data-element_type=\"section\">\n\t\t\t\t\t\t<div class=\"elementor-container elementor-column-gap-default\">\n\t\t\t\t\t<div class=\"elementor-column elementor-col-50 elementor-top-column elementor-element elementor-element-ef420e9\" data-id=\"ef420e9\" data-element_type=\"column\">\n\t\t\t<div class=\"elementor-widget-wrap elementor-element-populated\">\n\t\t\t\t\t\t\t\t<div class=\"elementor-element elementor-element-7a3c4b2 elementor-widget elementor-widget-text-editor\" data-id=\"7a3c4b2\" data-element_type=\"widget\" data-widget_type=\"text-editor.default\">\n\t\t\t\t<div class=\"elementor-widget-container\">\n\t\t\t\t\t\t\t<div class=\"ti-widget ti-goog\" data-layout-id=\"39\" data-set-id=\"blue\" data-pid=\"\" data-language=\"es\" data-version=\"2\" data-review-text-mode=\"readmore\" data-pager-autoplay-timeout=\"6\" > <div class=\"ti-widget-container ti-col-3\"> <div class=\"ti-reviews-container\"> <div class=\"ti-controls\"> <div class=\"ti-next\" aria-label=\"Siguiente rese\u00f1a\" role=\"button\"><\/div> <div class=\"ti-prev\" aria-label=\"Rese\u00f1a anterior\" role=\"button\"><\/div> <\/div> <div class=\"ti-reviews-container-wrapper\">  <div data-empty=\"0\" class=\"ti-review-item source-Google ti-image-layout-thumbnail\" data-id=\"cfcd208495d565ef66e7dff9f98764da\" > <div class=\"ti-inner\"> <div class=\"ti-review-content\"> <span class=\"ti-stars\"><span class=\"ti-star f\"><\/span><span class=\"ti-star f\"><\/span><span class=\"ti-star f\"><\/span><span class=\"ti-star f\"><\/span><span class=\"ti-star f\"><\/span><\/span> <div class=\"ti-review-text-container ti-review-text\"><!-- R-CONTENT -->Muy agradecidos con Angelitos con cola por el trat\u00f3 dado a nuestro peque\u00f1o integrante de la familia el cual se adelant\u00f3, convirti\u00e9ndose en un alebrije que nos cuida, muchas gracias por el profesionalismo y empat\u00eda ante la situaci\u00f3n.<!-- R-CONTENT --><\/div> <span class=\"ti-read-more\" data-container=\".ti-review-text\" data-collapse-text=\"Ocultar\" data-open-text=\"Leer m\u00e1s\" ><\/span> <\/div> <\/div> <div class=\"ti-review-header\"> <div class=\"ti-profile-img\"> <img decoding=\"async\" src=\"https:\/\/lh3.googleusercontent.com\/a\/AGNmyxbjFBW7Ak5xnGjSdd5qh-XRdtE08vcGzlBei8nO=s120-c-c-rp-w64-h64-mo-ba2-br100\" srcset=\"https:\/\/lh3.googleusercontent.com\/a\/AGNmyxbjFBW7Ak5xnGjSdd5qh-XRdtE08vcGzlBei8nO=s120-c-c-rp-w64-h64-mo-ba2-br100 2x\" alt=\"arlette karina morales lozano\" loading=\"lazy\" \/> <\/div> <div class=\"ti-profile-details\"> <div class=\"ti-name\"> arlette karina morales lozano <\/div> <div class=\"ti-date\">16 Abril 2023<\/div> <\/div> <\/div> <\/div>  <div data-empty=\"0\" class=\"ti-review-item source-Google ti-image-layout-thumbnail\" data-id=\"cfcd208495d565ef66e7dff9f98764da\" > <div class=\"ti-inner\"> <div class=\"ti-review-content\"> <span class=\"ti-stars\"><span class=\"ti-star f\"><\/span><span class=\"ti-star f\"><\/span><span class=\"ti-star f\"><\/span><span class=\"ti-star f\"><\/span><span class=\"ti-star f\"><\/span><\/span> <div class=\"ti-review-text-container ti-review-text\"><!-- R-CONTENT -->Est\u00e1 empresa brinda un excelente servicio. La atenci\u00f3n es esmerada y sus protocolos muy limpios y cuidadosos. La recomendar\u00eda ampliamente.<!-- R-CONTENT --><\/div> <span class=\"ti-read-more\" data-container=\".ti-review-text\" data-collapse-text=\"Ocultar\" data-open-text=\"Leer m\u00e1s\" ><\/span> <\/div> <\/div> <div class=\"ti-review-header\"> <div class=\"ti-profile-img\"> <img decoding=\"async\" src=\"https:\/\/lh3.googleusercontent.com\/a\/AGNmyxbhfI07mEQfHq31dumSRJ7CMV3_SkOfCjrqYa5C=s120-c-c-rp-w64-h64-mo-br100\" srcset=\"https:\/\/lh3.googleusercontent.com\/a\/AGNmyxbhfI07mEQfHq31dumSRJ7CMV3_SkOfCjrqYa5C=s120-c-c-rp-w64-h64-mo-br100 2x\" alt=\"ceci nieto\" loading=\"lazy\" \/> <\/div> <div class=\"ti-profile-details\"> <div class=\"ti-name\"> ceci nieto <\/div> <div class=\"ti-date\">16 Abril 2023<\/div> <\/div> <\/div> <\/div>  <div data-empty=\"0\" class=\"ti-review-item source-Google ti-image-layout-thumbnail\" data-id=\"cfcd208495d565ef66e7dff9f98764da\" > <div class=\"ti-inner\"> <div class=\"ti-review-content\"> <span class=\"ti-stars\"><span class=\"ti-star f\"><\/span><span class=\"ti-star f\"><\/span><span class=\"ti-star f\"><\/span><span class=\"ti-star f\"><\/span><span class=\"ti-star f\"><\/span><\/span> <div class=\"ti-review-text-container ti-review-text\"><!-- R-CONTENT -->Muy buen servicio<!-- R-CONTENT --><\/div> <span class=\"ti-read-more\" data-container=\".ti-review-text\" data-collapse-text=\"Ocultar\" data-open-text=\"Leer m\u00e1s\" ><\/span> <\/div> <\/div> <div class=\"ti-review-header\"> <div class=\"ti-profile-img\"> <img decoding=\"async\" src=\"https:\/\/lh3.googleusercontent.com\/a-\/ACB-R5S8wFgxEzVVhVM4oZc-MYZHBwOXODpqF39QC6lP8g=s120-c-c-rp-w64-h64-mo-br100\" srcset=\"https:\/\/lh3.googleusercontent.com\/a-\/ACB-R5S8wFgxEzVVhVM4oZc-MYZHBwOXODpqF39QC6lP8g=s120-c-c-rp-w64-h64-mo-br100 2x\" alt=\"Michell Alejandra Soto Montes\" loading=\"lazy\" \/> <\/div> <div class=\"ti-profile-details\"> <div class=\"ti-name\"> Michell Alejandra Soto Montes <\/div> <div class=\"ti-date\">11 Abril 2023<\/div> <\/div> <\/div> <\/div>  <div data-empty=\"0\" class=\"ti-review-item source-Google ti-image-layout-thumbnail\" data-id=\"cfcd208495d565ef66e7dff9f98764da\" > <div class=\"ti-inner\"> <div class=\"ti-review-content\"> <span class=\"ti-stars\"><span class=\"ti-star f\"><\/span><span class=\"ti-star f\"><\/span><span class=\"ti-star f\"><\/span><span class=\"ti-star f\"><\/span><span class=\"ti-star f\"><\/span><\/span> <div class=\"ti-review-text-container ti-review-text\"><!-- R-CONTENT -->Muy respetuosos, un trato digno hacia mi mascota y familia, gracias<!-- R-CONTENT --><\/div> <span class=\"ti-read-more\" data-container=\".ti-review-text\" data-collapse-text=\"Ocultar\" data-open-text=\"Leer m\u00e1s\" ><\/span> <\/div> <\/div> <div class=\"ti-review-header\"> <div class=\"ti-profile-img\"> <img decoding=\"async\" src=\"https:\/\/lh3.googleusercontent.com\/a-\/ACB-R5QpyC8nVGiQ3wmc0lvSUXnAtNa7abHZ_m4430wP=s120-c-c-rp-w64-h64-mo-br100\" srcset=\"https:\/\/lh3.googleusercontent.com\/a-\/ACB-R5QpyC8nVGiQ3wmc0lvSUXnAtNa7abHZ_m4430wP=s120-c-c-rp-w64-h64-mo-br100 2x\" alt=\"Judith Rugerio Anguiano\" loading=\"lazy\" \/> <\/div> <div class=\"ti-profile-details\"> <div class=\"ti-name\"> Judith Rugerio Anguiano <\/div> <div class=\"ti-date\">11 Abril 2023<\/div> <\/div> <\/div> <\/div>  <div data-empty=\"0\" class=\"ti-review-item source-Google ti-image-layout-thumbnail\" data-id=\"cfcd208495d565ef66e7dff9f98764da\" > <div class=\"ti-inner\"> <div class=\"ti-review-content\"> <span class=\"ti-stars\"><span class=\"ti-star f\"><\/span><span class=\"ti-star f\"><\/span><span class=\"ti-star f\"><\/span><span class=\"ti-star f\"><\/span><span class=\"ti-star f\"><\/span><\/span> <div class=\"ti-review-text-container ti-review-text\"><!-- R-CONTENT -->Agradezco el profesionalismo y la seriedad con la que brindan su servicio, me confort\u00f3 su trato y manejo hacia &#8220;Ramy&#8221;.\nEn verdad es mi Alebrije y se que me seguir\u00e1 cuidando desde donde est\u00e9.\nMuy afortunado el haber contado con un servicio tan profesional como el de Angelitos con Cola.<!-- R-CONTENT --><\/div> <span class=\"ti-read-more\" data-container=\".ti-review-text\" data-collapse-text=\"Ocultar\" data-open-text=\"Leer m\u00e1s\" ><\/span> <\/div> <\/div> <div class=\"ti-review-header\"> <div class=\"ti-profile-img\"> <img decoding=\"async\" src=\"https:\/\/lh3.googleusercontent.com\/a\/AGNmyxa21uMAizww9JOE2iF_Ni79yW5j-AIYQCXgCN_n=s120-c-c-rp-w64-h64-mo-br100\" srcset=\"https:\/\/lh3.googleusercontent.com\/a\/AGNmyxa21uMAizww9JOE2iF_Ni79yW5j-AIYQCXgCN_n=s120-c-c-rp-w64-h64-mo-br100 2x\" alt=\"Vicky\" loading=\"lazy\" \/> <\/div> <div class=\"ti-profile-details\"> <div class=\"ti-name\"> Vicky <\/div> <div class=\"ti-date\">3 Abril 2023<\/div> <\/div> <\/div> <\/div>  <div data-empty=\"0\" class=\"ti-review-item source-Google ti-image-layout-thumbnail\" data-id=\"cfcd208495d565ef66e7dff9f98764da\" > <div class=\"ti-inner\"> <div class=\"ti-review-content\"> <span class=\"ti-stars\"><span class=\"ti-star f\"><\/span><span class=\"ti-star f\"><\/span><span class=\"ti-star f\"><\/span><span class=\"ti-star f\"><\/span><span class=\"ti-star f\"><\/span><\/span> <div class=\"ti-review-text-container ti-review-text\"><!-- R-CONTENT -->Tuvieron un trato muy c\u00e1lido para mi peque\u00f1a, como miembro de familia que fue.\n\nSu servicio muy profesional desde que vinieron por ella ya no tuve que ocuparme de resolver m\u00e1s detalles. Conservo sus cenizas en casa.\n\nLa extra\u00f1o y se que seguir\u00e1 siendo  Alebrije que seguir\u00e1 muy atento de m\u00ed.\n\nGracias Angelitos con Cola<!-- R-CONTENT --><\/div> <span class=\"ti-read-more\" data-container=\".ti-review-text\" data-collapse-text=\"Ocultar\" data-open-text=\"Leer m\u00e1s\" ><\/span> <\/div> <\/div> <div class=\"ti-review-header\"> <div class=\"ti-profile-img\"> <img decoding=\"async\" src=\"https:\/\/lh3.googleusercontent.com\/a-\/ACB-R5SuwOY2lFXVQBSaQuvrdOB9l7a2B2981rIieJs1lw=s120-c-c-rp-w64-h64-mo-br100\" srcset=\"https:\/\/lh3.googleusercontent.com\/a-\/ACB-R5SuwOY2lFXVQBSaQuvrdOB9l7a2B2981rIieJs1lw=s120-c-c-rp-w64-h64-mo-br100 2x\" alt=\"Ernesto\" loading=\"lazy\" \/> <\/div> <div class=\"ti-profile-details\"> <div class=\"ti-name\"> Ernesto <\/div> <div class=\"ti-date\">3 Abril 2023<\/div> <\/div> <\/div> <\/div>  <div data-empty=\"0\" class=\"ti-review-item source-Google ti-image-layout-thumbnail\" data-id=\"cfcd208495d565ef66e7dff9f98764da\" > <div class=\"ti-inner\"> <div class=\"ti-review-content\"> <span class=\"ti-stars\"><span class=\"ti-star f\"><\/span><span class=\"ti-star f\"><\/span><span class=\"ti-star f\"><\/span><span class=\"ti-star f\"><\/span><span class=\"ti-star f\"><\/span><\/span> <div class=\"ti-review-text-container ti-review-text\"><!-- R-CONTENT -->Cuando pierdes a tu mejor amigo es un momento muy dificil y se agradece mucho que una empresa tenga el profecionalismo y la delicadeza para manejar ese momento tan dif\u00edcil que jamas quisi\u00e9ramos que llegara. Muy buen servicio, se agradece mucho la empatia del servicio.<!-- R-CONTENT --><\/div> <span class=\"ti-read-more\" data-container=\".ti-review-text\" data-collapse-text=\"Ocultar\" data-open-text=\"Leer m\u00e1s\" ><\/span> <\/div> <\/div> <div class=\"ti-review-header\"> <div class=\"ti-profile-img\"> <img decoding=\"async\" src=\"https:\/\/lh3.googleusercontent.com\/a-\/ACB-R5Sl5l7qwx_ZPxGwysNPBPs87d-1cXBgvGN_p4JyLA=s120-c-c-rp-w64-h64-mo-br100\" srcset=\"https:\/\/lh3.googleusercontent.com\/a-\/ACB-R5Sl5l7qwx_ZPxGwysNPBPs87d-1cXBgvGN_p4JyLA=s120-c-c-rp-w64-h64-mo-br100 2x\" alt=\"B Coco Steph\" loading=\"lazy\" \/> <\/div> <div class=\"ti-profile-details\"> <div class=\"ti-name\"> B Coco Steph <\/div> <div class=\"ti-date\">3 Abril 2023<\/div> <\/div> <\/div> <\/div>  <div data-empty=\"0\" class=\"ti-review-item source-Google ti-image-layout-thumbnail\" data-id=\"cfcd208495d565ef66e7dff9f98764da\" > <div class=\"ti-inner\"> <div class=\"ti-review-content\"> <span class=\"ti-stars\"><span class=\"ti-star f\"><\/span><span class=\"ti-star f\"><\/span><span class=\"ti-star f\"><\/span><span class=\"ti-star f\"><\/span><span class=\"ti-star f\"><\/span><\/span> <div class=\"ti-review-text-container ti-review-text\"><!-- R-CONTENT -->Mi ni\u00f1a es parte importante de la familia y la filosof\u00eda de este lugar me lleg\u00f3 al coraz\u00f3n. Ella ahora es mi alebrije guardi\u00e1n, que seguir\u00e1 acompa\u00f1\u00e1ndome en esta vida hasta que volvamos a encontrarnos. Gracias por la atenci\u00f3n, profesionalismo y empat\u00eda que nos mostraron en estos dif\u00edciles momentos. S\u00faper recomendados.<!-- R-CONTENT --><\/div> <span class=\"ti-read-more\" data-container=\".ti-review-text\" data-collapse-text=\"Ocultar\" data-open-text=\"Leer m\u00e1s\" ><\/span> <\/div> <\/div> <div class=\"ti-review-header\"> <div class=\"ti-profile-img\"> <img decoding=\"async\" src=\"https:\/\/lh3.googleusercontent.com\/a\/AGNmyxaS2jTXDFKiG1uQOMqmSafpgWCuYGU636gVGT69=s120-c-c-rp-w64-h64-mo-ba2-br100\" srcset=\"https:\/\/lh3.googleusercontent.com\/a\/AGNmyxaS2jTXDFKiG1uQOMqmSafpgWCuYGU636gVGT69=s120-c-c-rp-w64-h64-mo-ba2-br100 2x\" alt=\"V.Berenice Montes L\u00f3pez\" loading=\"lazy\" \/> <\/div> <div class=\"ti-profile-details\"> <div class=\"ti-name\"> V.Berenice Montes L\u00f3pez <\/div> <div class=\"ti-date\">3 Abril 2023<\/div> <\/div> <\/div> <\/div>  <\/div> <div class=\"ti-controls-line\"> <div class=\"dot\"><\/div> <\/div> <\/div> <div class=\"ti-footer\">  <\/div> <div class=\"ti-footer-filter-text\"><!-- FOOTER FILTER TEXT --><\/div> <\/div> <\/div> \t\t\t\t\t\t<\/div>\n\t\t\t\t<\/div>\n\t\t\t\t\t<\/div>\n\t\t<\/div>\n\t\t\t\t<div class=\"elementor-column elementor-col-50 elementor-top-column elementor-element elementor-element-ddff12f\" data-id=\"ddff12f\" data-element_type=\"column\">\n\t\t\t<div class=\"elementor-widget-wrap elementor-element-populated\">\n\t\t\t\t\t\t\t\t<div class=\"elementor-element elementor-element-e6d9c26 elementor-widget elementor-widget-image\" data-id=\"e6d9c26\" data-element_type=\"widget\" data-widget_type=\"image.default\">\n\t\t\t\t<div class=\"elementor-widget-container\">\n\t\t\t<style>\/*! elementor - v3.12.0 - 29-03-2023 *\/\n.elementor-widget-image{text-align:center}.elementor-widget-image a{display:inline-block}.elementor-widget-image a img[src$=\".svg\"]{width:48px}.elementor-widget-image img{vertical-align:middle;display:inline-block}<\/style>\t\t\t\t\t\t\t\t\t\t\t\t<img loading=\"lazy\" decoding=\"async\" width=\"552\" height=\"739\" src=\"https:\/\/angelitosconcola.com\/wp-content\/uploads\/2024\/08\/WhatsApp-Image-2024-08-31-at-3.29.40-PM.jpeg\" class=\"attachment-large size-large wp-image-2426\" alt=\"\" srcset=\"https:\/\/angelitosconcola.com\/wp-content\/uploads\/2024\/08\/WhatsApp-Image-2024-08-31-at-3.29.40-PM.jpeg 552w, https:\/\/angelitosconcola.com\/wp-content\/uploads\/2024\/08\/WhatsApp-Image-2024-08-31-at-3.29.40-PM-224x300.jpeg 224w\" sizes=\"auto, (max-width: 552px) 100vw, 552px\" \/>\t\t\t\t\t\t\t\t\t\t\t\t\t\t\t<\/div>\n\t\t\t\t<\/div>\n\t\t\t\t<div class=\"elementor-element elementor-element-bd8a777 elementor-widget elementor-widget-text-editor\" data-id=\"bd8a777\" data-element_type=\"widget\" data-widget_type=\"text-editor.default\">\n\t\t\t\t<div class=\"elementor-widget-container\">\n\t\t\t\t\t\t\t<p>**Solo practicamos eutanasia cuando la mascota sufre por accidente, enfermedad o vejez. No damos eutanasia a mascotas sanas.<\/p>\t\t\t\t\t\t<\/div>\n\t\t\t\t<\/div>\n\t\t\t\t\t<\/div>\n\t\t<\/div>\n\t\t\t\t\t\t\t<\/div>\n\t\t<\/section>\n\t\t\t\t<section class=\"elementor-section elementor-top-section elementor-element elementor-element-fe0a10e elementor-section-boxed elementor-section-height-default elementor-section-height-default\" data-id=\"fe0a10e\" data-element_type=\"section\">\n\t\t\t\t\t\t<div class=\"elementor-container elementor-column-gap-default\">\n\t\t\t\t\t<div class=\"elementor-column elementor-col-100 elementor-top-column elementor-element elementor-element-2ef9ac9\" data-id=\"2ef9ac9\" data-element_type=\"column\">\n\t\t\t<div class=\"elementor-widget-wrap elementor-element-populated\">\n\t\t\t\t\t\t\t\t<div class=\"elementor-element elementor-element-3485065 elementor-widget elementor-widget-spacer\" data-id=\"3485065\" data-element_type=\"widget\" data-widget_type=\"spacer.default\">\n\t\t\t\t<div class=\"elementor-widget-container\">\n\t\t\t<style>\/*! elementor - v3.12.0 - 29-03-2023 *\/\n.elementor-column .elementor-spacer-inner{height:var(--spacer-size)}.e-con{--container-widget-width:100%}.e-con-inner>.elementor-widget-spacer,.e-con>.elementor-widget-spacer{width:var(--container-widget-width,var(--spacer-size));--align-self:var(--container-widget-align-self,initial);--flex-shrink:0}.e-con-inner>.elementor-widget-spacer>.elementor-widget-container,.e-con-inner>.elementor-widget-spacer>.elementor-widget-container>.elementor-spacer,.e-con>.elementor-widget-spacer>.elementor-widget-container,.e-con>.elementor-widget-spacer>.elementor-widget-container>.elementor-spacer{height:100%}.e-con-inner>.elementor-widget-spacer>.elementor-widget-container>.elementor-spacer>.elementor-spacer-inner,.e-con>.elementor-widget-spacer>.elementor-widget-container>.elementor-spacer>.elementor-spacer-inner{height:var(--container-widget-height,var(--spacer-size))}<\/style>\t\t<div class=\"elementor-spacer\">\n\t\t\t<div class=\"elementor-spacer-inner\"><\/div>\n\t\t<\/div>\n\t\t\t\t<\/div>\n\t\t\t\t<\/div>\n\t\t\t\t<div class=\"elementor-element elementor-element-e501f3f elementor-align-center elementor-tablet-align-center elementor-mobile-align-center elementor-widget elementor-widget-button\" data-id=\"e501f3f\" data-element_type=\"widget\" data-widget_type=\"button.default\">\n\t\t\t\t<div class=\"elementor-widget-container\">\n\t\t\t\t\t<div class=\"elementor-button-wrapper\">\n\t\t\t<a href=\"http:\/\/angelitosconcola.com\" class=\"elementor-button-link elementor-button elementor-size-sm\" role=\"button\">\n\t\t\t\t\t\t<span class=\"elementor-button-content-wrapper\">\n\t\t\t\t\t\t<span class=\"elementor-button-text\">Regresar a P\u00e1gina de Inicio<\/span>\n\t\t<\/span>\n\t\t\t\t\t<\/a>\n\t\t<\/div>\n\t\t\t\t<\/div>\n\t\t\t\t<\/div>\n\t\t\t\t\t<\/div>\n\t\t<\/div>\n\t\t\t\t\t\t\t<\/div>\n\t\t<\/section>\n\t\t\t\t\t\t\t<\/div>\n\t\t","protected":false},"excerpt":{"rendered":"<p>Eutanasia Proceso de una Eutanasia: \u00a0 1.- Llegamos a su domicilio con nuestro M\u00e9dico Veterinario. Tendr\u00e1 un trato excepcional con su mascota. \u00a0 2.- Les dar\u00e1 una explicaci\u00f3n breve del procedimiento. \u00a0 3.- Les dar\u00e1 para firmar una constancia de mutuo acuerdo con el servicio. \u00a0 4.- Aplicar\u00e1 una dosis de Anestesia, con lo cual &hellip;<\/p>\n<p class=\"read-more\"> <a class=\"\" href=\"https:\/\/angelitosconcola.com\/index.php\/eutanasia\/\"> <span class=\"screen-reader-text\">Eutanasia<\/span> Leer m\u00e1s &raquo;<\/a><\/p>\n","protected":false},"author":1,"featured_media":0,"parent":0,"menu_order":0,"comment_status":"closed","ping_status":"closed","template":"","meta":{"site-sidebar-layout":"no-sidebar","site-content-layout":"page-builder","ast-global-header-display":"","ast-main-header-display":"","ast-hfb-above-header-display":"","ast-hfb-below-header-display":"","ast-hfb-mobile-header-display":"","site-post-title":"disabled","ast-breadcrumbs-content":"","ast-featured-img":"disabled","footer-sml-layout":"","theme-transparent-header-meta":"enabled","adv-header-id-meta":"","stick-header-meta":"","header-above-stick-meta":"","header-main-stick-meta":"","header-below-stick-meta":"","_joinchat":[],"footnotes":""},"class_list":["post-15","page","type-page","status-publish","hentry"],"_links":{"self":[{"href":"https:\/\/angelitosconcola.com\/index.php\/wp-json\/wp\/v2\/pages\/15","targetHints":{"allow":["GET"]}}],"collection":[{"href":"https:\/\/angelitosconcola.com\/index.php\/wp-json\/wp\/v2\/pages"}],"about":[{"href":"https:\/\/angelitosconcola.com\/index.php\/wp-json\/wp\/v2\/types\/page"}],"author":[{"embeddable":true,"href":"https:\/\/angelitosconcola.com\/index.php\/wp-json\/wp\/v2\/users\/1"}],"replies":[{"embeddable":true,"href":"https:\/\/angelitosconcola.com\/index.php\/wp-json\/wp\/v2\/comments?post=15"}],"version-history":[{"count":65,"href":"https:\/\/angelitosconcola.com\/index.php\/wp-json\/wp\/v2\/pages\/15\/revisions"}],"predecessor-version":[{"id":2434,"href":"https:\/\/angelitosconcola.com\/index.php\/wp-json\/wp\/v2\/pages\/15\/revisions\/2434"}],"wp:attachment":[{"href":"https:\/\/angelitosconcola.com\/index.php\/wp-json\/wp\/v2\/media?parent=15"}],"curies":[{"name":"wp","href":"https:\/\/api.w.org\/{rel}","templated":true}]}}